{"id":6224,"date":"2018-05-11T13:19:48","date_gmt":"2018-05-11T11:19:48","guid":{"rendered":"https:\/\/www.dle-naturisten.de\/dle-environnement-bienvenue-en-toscane-allemande\/"},"modified":"2018-05-11T13:19:52","modified_gmt":"2018-05-11T11:19:52","slug":"dle-environnement-bienvenue-en-toscane-allemande","status":"publish","type":"page","link":"https:\/\/www.dle-naturisten.de\/fr\/loisir-temps-libre\/dle-environnement-bienvenue-en-toscane-allemande\/","title":{"rendered":"DLE environnement &#8211; Bienvenue en Toscane allemande"},"content":{"rendered":"<div id='av-layout-grid-1'  class='av-layout-grid-container av-av_layout_row-9c55a04451926ddb740c0d54a352c5c1 entry-content-wrapper main_color av-flex-cells  avia-builder-el-0  el_before_av_masonry_gallery  avia-builder-el-first   container_wrap sidebar_right'  >\n\n<style type=\"text\/css\" data-created_by=\"avia_inline_auto\" id=\"style-css-av-av_cell_one_full-bb19d1e220ceca21c4679b7d44bceda8\">\n.flex_cell.av-av_cell_one_full-bb19d1e220ceca21c4679b7d44bceda8{\nvertical-align:top;\nbackground-color:#0033cc;\n}\n.responsive #top #wrap_all .flex_cell.av-av_cell_one_full-bb19d1e220ceca21c4679b7d44bceda8{\npadding:0px 0px 0px 0px !important;\n}\n<\/style>\n<div class='flex_cell av-av_cell_one_full-bb19d1e220ceca21c4679b7d44bceda8 av-gridrow-cell av_one_full no_margin  avia-builder-el-1  avia-builder-el-no-sibling  av-zero-padding' ><div class='flex_cell_inner'>\n<style type=\"text\/css\" data-created_by=\"avia_inline_auto\" id=\"style-css-av-av_textblock-eace916c2fcb0f67f019ea7080f53b91\">\n#top .av_textblock_section.av-av_textblock-eace916c2fcb0f67f019ea7080f53b91 .avia_textblock{\nfont-size:32px;\ncolor:#ffffff;\n}\n<\/style>\n<section  class='av_textblock_section av-av_textblock-eace916c2fcb0f67f019ea7080f53b91'  itemscope=\"itemscope\" itemtype=\"https:\/\/schema.org\/CreativeWork\" ><div class='avia_textblock av_inherit_color'  itemprop=\"text\" ><p style=\"text-align: center;\">Bienvenue en Toscane allemande<\/p>\n<\/div><\/section>\n<\/div><\/div>\n<\/div>\n\n<style type=\"text\/css\" data-created_by=\"avia_inline_auto\" id=\"style-css-av-av_masonry_gallery-11252bf539033bc5fc70102aa3ce60e2\">\n#top .av-masonry.av-av_masonry_gallery-11252bf539033bc5fc70102aa3ce60e2{\nbackground-color:#0033cc;\n}\n<\/style>\n<div id='av-masonry-1' class='av-masonry av-av_masonry_gallery-11252bf539033bc5fc70102aa3ce60e2 noHover av-fixed-size av-large-gap av-hover-overlay-active av-masonry-animation-active av-masonry-col-3 av-caption-always av-caption-style- av-masonry-gallery ' data-post_id=\"6224\"><div class=\"av-masonry-container isotope av-js-disabled\"><div class='av-masonry-entry isotope-item av-masonry-item-no-image '><\/div><a href=\"https:\/\/www.dle-naturisten.de\/wp-content\/uploads\/Freizeit_Umgebung_iStock_000011451266Small_849x565.jpg\" data-srcset=\"https:\/\/www.dle-naturisten.de\/wp-content\/uploads\/Freizeit_Umgebung_iStock_000011451266Small_849x565.jpg 849w, https:\/\/www.dle-naturisten.de\/wp-content\/uploads\/Freizeit_Umgebung_iStock_000011451266Small_849x565-300x200.jpg 300w, https:\/\/www.dle-naturisten.de\/wp-content\/uploads\/Freizeit_Umgebung_iStock_000011451266Small_849x565-768x511.jpg 768w, https:\/\/www.dle-naturisten.de\/wp-content\/uploads\/Freizeit_Umgebung_iStock_000011451266Small_849x565-705x469.jpg 705w, https:\/\/www.dle-naturisten.de\/wp-content\/uploads\/Freizeit_Umgebung_iStock_000011451266Small_849x565-450x299.jpg 450w\" data-sizes=\"(max-width: 849px) 100vw, 849px\"  aria-label=\"image Freizeit_Umgebung_iStock_000011451266Small_849x565\"  id='av-masonry-1-item-3044' data-av-masonry-item='3044' class='av-masonry-entry isotope-item post-3044 attachment type-attachment status-inherit hentry  av-masonry-item-with-image' title=\"Freizeit_Umgebung_iStock_000011451266Small_849x565\" alt=\"\"    itemprop=\"thumbnailUrl\" ><div class='av-inner-masonry-sizer'><\/div><figure class='av-inner-masonry main_color'><div class=\"av-masonry-outerimage-container\"><div class='av-masonry-image-container' style=\"background-image: url(https:\/\/www.dle-naturisten.de\/wp-content\/uploads\/Freizeit_Umgebung_iStock_000011451266Small_849x565-705x469.jpg);\"  title=\"Freizeit_Umgebung_iStock_000011451266Small_849x565\"  ><\/div><\/div><\/figure><\/a><!--end av-masonry entry--><a href=\"https:\/\/www.dle-naturisten.de\/wp-content\/uploads\/Freizeit_Umgebung_iStock_000006006240Small_566x848.jpg\" data-srcset=\"https:\/\/www.dle-naturisten.de\/wp-content\/uploads\/Freizeit_Umgebung_iStock_000006006240Small_566x848.jpg 566w, https:\/\/www.dle-naturisten.de\/wp-content\/uploads\/Freizeit_Umgebung_iStock_000006006240Small_566x848-200x300.jpg 200w, https:\/\/www.dle-naturisten.de\/wp-content\/uploads\/Freizeit_Umgebung_iStock_000006006240Small_566x848-471x705.jpg 471w, https:\/\/www.dle-naturisten.de\/wp-content\/uploads\/Freizeit_Umgebung_iStock_000006006240Small_566x848-450x674.jpg 450w\" data-sizes=\"(max-width: 566px) 100vw, 566px\"  aria-label=\"image Freizeit_Umgebung_iStock_000006006240Small_566x848\"  id='av-masonry-1-item-3056' data-av-masonry-item='3056' class='av-masonry-entry isotope-item post-3056 attachment type-attachment status-inherit hentry  av-masonry-item-with-image' title=\"Freizeit_Umgebung_iStock_000006006240Small_566x848\" alt=\"\"    itemprop=\"thumbnailUrl\" ><div class='av-inner-masonry-sizer'><\/div><figure class='av-inner-masonry main_color'><div class=\"av-masonry-outerimage-container\"><div class='av-masonry-image-container' style=\"background-image: url(https:\/\/www.dle-naturisten.de\/wp-content\/uploads\/Freizeit_Umgebung_iStock_000006006240Small_566x848-471x705.jpg);\"  title=\"Freizeit_Umgebung_iStock_000006006240Small_566x848\"  ><\/div><\/div><\/figure><\/a><!--end av-masonry entry--><a href=\"https:\/\/www.dle-naturisten.de\/wp-content\/uploads\/Freizeit_Umgebung_iStock_000001173794Small_850x565.jpg\" data-srcset=\"https:\/\/www.dle-naturisten.de\/wp-content\/uploads\/Freizeit_Umgebung_iStock_000001173794Small_850x565.jpg 850w, https:\/\/www.dle-naturisten.de\/wp-content\/uploads\/Freizeit_Umgebung_iStock_000001173794Small_850x565-300x199.jpg 300w, https:\/\/www.dle-naturisten.de\/wp-content\/uploads\/Freizeit_Umgebung_iStock_000001173794Small_850x565-768x510.jpg 768w, https:\/\/www.dle-naturisten.de\/wp-content\/uploads\/Freizeit_Umgebung_iStock_000001173794Small_850x565-705x469.jpg 705w, https:\/\/www.dle-naturisten.de\/wp-content\/uploads\/Freizeit_Umgebung_iStock_000001173794Small_850x565-450x299.jpg 450w\" data-sizes=\"(max-width: 850px) 100vw, 850px\"  aria-label=\"image Freizeit_Umgebung_iStock_000001173794Small_850x565\"  id='av-masonry-1-item-3047' data-av-masonry-item='3047' class='av-masonry-entry isotope-item post-3047 attachment type-attachment status-inherit hentry  av-masonry-item-with-image' title=\"Freizeit_Umgebung_iStock_000001173794Small_850x565\" alt=\"\"    itemprop=\"thumbnailUrl\" ><div class='av-inner-masonry-sizer'><\/div><figure class='av-inner-masonry main_color'><div class=\"av-masonry-outerimage-container\"><div class='av-masonry-image-container' style=\"background-image: url(https:\/\/www.dle-naturisten.de\/wp-content\/uploads\/Freizeit_Umgebung_iStock_000001173794Small_850x565-705x469.jpg);\"  title=\"Freizeit_Umgebung_iStock_000001173794Small_850x565\"  ><\/div><\/div><\/figure><\/a><!--end av-masonry entry--><\/div><\/div>\n\n<style type=\"text\/css\" data-created_by=\"avia_inline_auto\" id=\"style-css-av-av_heading-11d01e3a35f3a03fbca42dc957b045d9\">\n#top .av-special-heading.av-av_heading-11d01e3a35f3a03fbca42dc957b045d9{\npadding-bottom:10px;\ncolor:#0033cc;\nfont-size:64px;\n}\nbody .av-special-heading.av-av_heading-11d01e3a35f3a03fbca42dc957b045d9 .av-special-heading-tag .heading-char{\nfont-size:25px;\n}\n#top #wrap_all .av-special-heading.av-av_heading-11d01e3a35f3a03fbca42dc957b045d9 .av-special-heading-tag{\nfont-size:64px;\n}\n.av-special-heading.av-av_heading-11d01e3a35f3a03fbca42dc957b045d9 .special-heading-inner-border{\nborder-color:#0033cc;\n}\n.av-special-heading.av-av_heading-11d01e3a35f3a03fbca42dc957b045d9 .av-subheading{\nfont-size:24px;\n}\n\n@media only screen and (min-width: 480px) and (max-width: 767px){ \n#top #wrap_all .av-special-heading.av-av_heading-11d01e3a35f3a03fbca42dc957b045d9 .av-special-heading-tag{\nfont-size:0.8em;\n}\n}\n\n@media only screen and (max-width: 479px){ \n#top #wrap_all .av-special-heading.av-av_heading-11d01e3a35f3a03fbca42dc957b045d9 .av-special-heading-tag{\nfont-size:0.8em;\n}\n}\n<\/style>\n<div  class='av-special-heading av-av_heading-11d01e3a35f3a03fbca42dc957b045d9 av-special-heading-h1 custom-color-heading blockquote modern-quote  avia-builder-el-4  el_after_av_masonry_gallery  el_before_av_textblock  avia-builder-el-first  av-thin-font av-inherit-size'><h1 class='av-special-heading-tag'  itemprop=\"headline\"  ><strong>environnement<\/strong><\/h1><div class='av_custom_color av-subheading av-subheading_below'><p>du parc de vacances familial Dreil\u00e4ndereck<\/p>\n<\/div><div class=\"special-heading-border\"><div class=\"special-heading-inner-border\"><\/div><\/div><\/div>\n<section  class='av_textblock_section av-av_textblock-2de302bf1aa3cf4c9157dbe6f50ac7eb'  itemscope=\"itemscope\" itemtype=\"https:\/\/schema.org\/CreativeWork\" ><div class='avia_textblock'  itemprop=\"text\" ><p>L\u2019environnement du parc vous offre d\u2019innombrables autres possibilit\u00e9s\u00a0: dans le voisinage imm\u00e9diat du parc on trouve une grande gravi\u00e8re, entour\u00e9e de sentiers de randonn\u00e9s et de parcours cyclables allant de l\u2019Allemagne en France et aussi un itin\u00e9raire de marche nordique.\u00a0Le Rhin vous invite \u00e0 vous promener le long de ses rives naturelles. En plus de cela vous avez acc\u00e8s \u00e0 deux terrains de golf, \u00e0 10 min. seulement de route.\u00a0Au printemps retrouvez la beaut\u00e9 des cerisiers en fleurs. Il n\u2019y a pas que le vin et le soleil qui r\u00e9chauffent le c\u0153ur dans la r\u00e9gion du \u201cMarkgr\u00e4flerland\u201d \u2013 il y a aussi la chaleur qui vient de la terre\u00a0: les sources chaudes des thermes de Badenweiler, Bad Bellingen et Bad Krozingen.Ici, sous l\u2019influence de la cuisine fran\u00e7aise et suisse vous d\u00e9couvrirez de nombreux \u00e9toil\u00e9s gastronomiques. En cours de route, vous pouvez \u00e9galement faire un arr\u00eat dans un des nombreux g\u00eetes \u00e0 la ferme ou tavernes, et appr\u00e9cier leurs vins et sp\u00e9cialit\u00e9s faites maison. Dans les contreforts vallonn\u00e9s entre la vall\u00e9e du Rhin et la prosp\u00e8re For\u00eat-Noire, on d\u00e9guste le vin typique du \u00ab\u00a0Markgr\u00e4flerland\u00a0\u00bb le \u00ab\u00a0Chasselas\u00a0\u00bb, ainsi que divers vins de la plus haute qualit\u00e9. \u00a0Notre parc de vacances est situ\u00e9 dans le r\u00e9gion des\u00a0\u201cDeux rives \u2013 trois ponts\u201d o\u00f9 il y a plein de choses \u00e0 d\u00e9couvrir\u00a0: un sentier pieds-nus \u00e0 Bad Bellingen, l\u2019orpaillage le long du Rhin, le c\u00e9l\u00e8bre Europa-Park \u00e0 Rust, les papillons d\u2019Hunawihr en Alsace (France), les mus\u00e9es de B\u00e2le, d\u2019Alsace et des environs, la For\u00eat-Noire avec ses attractions qui attirent les visiteurs du monde entier et, bien plus encore \u00e0 d\u00e9couvrir. Les villes de Fribourg-en-Brisgau, B\u00e2le en Suisse et Mulhouse en Alsace sont \u00e0 seulement une demi-heure de route.<\/p>\n<\/div><\/section>\n<\/div><\/div><\/div><!-- close content main div --><\/div><\/div><div id='collections'  class='av-layout-grid-container av-av_layout_row-2d16d67baa66abb600a3d4e19667e275 entry-content-wrapper main_color av-border-top-bottom av-border-cells av-flex-cells  avia-builder-el-6  el_after_av_textblock  avia-builder-el-last  grid-row-not-first  container_wrap sidebar_right'  >\n\n<style type=\"text\/css\" data-created_by=\"avia_inline_auto\" id=\"style-css-av-av_cell_one_fourth-8e90365b044e859709a329ef98b09875\">\n.flex_cell.av-av_cell_one_fourth-8e90365b044e859709a329ef98b09875{\nvertical-align:middle;\nbackground-color:#0033cc;\n}\n.responsive #top #wrap_all .flex_cell.av-av_cell_one_fourth-8e90365b044e859709a329ef98b09875{\npadding:0px 0px 0px 0px !important;\n}\n<\/style>\n<div class='flex_cell av-av_cell_one_fourth-8e90365b044e859709a329ef98b09875 av-gridrow-cell av_one_fourth no_margin  avia-builder-el-7  el_before_av_cell_one_fourth  avia-builder-el-first  av-zero-padding' ><div class='flex_cell_inner'>\n<style type=\"text\/css\" data-created_by=\"avia_inline_auto\" id=\"style-css-av-av_image-b25deb601d291a5c517d51a0dc06ce61\">\n.avia-image-container.av-av_image-b25deb601d291a5c517d51a0dc06ce61 img.avia_image{\nbox-shadow:none;\n}\n.avia-image-container.av-av_image-b25deb601d291a5c517d51a0dc06ce61 .av-caption-image-overlay-bg{\nopacity:0.6;\nbackground-color:#000000;\n}\n.avia-image-container.av-av_image-b25deb601d291a5c517d51a0dc06ce61 .av-image-caption-overlay-center{\ncolor:#ffffff;\nfont-size:24px;\n}\n<\/style>\n<div  class='avia-image-container av-av_image-b25deb601d291a5c517d51a0dc06ce61 av-styling-no-styling av-hover-grow avia-align-center  avia-builder-el-8  avia-builder-el-no-sibling  noHover av-overlay-hover-deactivate'   itemprop=\"image\" itemscope=\"itemscope\" itemtype=\"https:\/\/schema.org\/ImageObject\" ><div class=\"avia-image-container-inner\"><div class=\"avia-image-overlay-wrap\"><a href=\"\/?page_id=281\" class='avia_image' ><div class=\"av-image-caption-overlay\"><div class=\"av-caption-image-overlay-bg\"><\/div><div class=\"av-image-caption-overlay-position\"><div class=\"av-image-caption-overlay-center\"><p>Loisir<\/p>\n<\/div><\/div><\/div><img decoding=\"async\" class='wp-image-3614 avia-img-lazy-loading-not-3614 avia_image ' src=\"https:\/\/www.dle-naturisten.de\/wp-content\/uploads\/LiLaLuClub_iStock_91580345_XLARGE_1920x1280-495x400.jpg\" alt='' title='LiLaLuClub_iStock_91580345_XLARGE_1920x1280'  height=\"400\" width=\"495\"  itemprop=\"thumbnailUrl\" srcset=\"https:\/\/www.dle-naturisten.de\/wp-content\/uploads\/LiLaLuClub_iStock_91580345_XLARGE_1920x1280-495x400.jpg 495w, https:\/\/www.dle-naturisten.de\/wp-content\/uploads\/LiLaLuClub_iStock_91580345_XLARGE_1920x1280-845x684.jpg 845w\" sizes=\"(max-width: 495px) 100vw, 495px\" \/><\/a><\/div><\/div><\/div>\n<\/div><\/div>\n<style type=\"text\/css\" data-created_by=\"avia_inline_auto\" id=\"style-css-av-av_cell_one_fourth-8e90365b044e859709a329ef98b09875\">\n.flex_cell.av-av_cell_one_fourth-8e90365b044e859709a329ef98b09875{\nvertical-align:middle;\nbackground-color:#0033cc;\n}\n.responsive #top #wrap_all .flex_cell.av-av_cell_one_fourth-8e90365b044e859709a329ef98b09875{\npadding:0px 0px 0px 0px !important;\n}\n<\/style>\n<div class='flex_cell av-av_cell_one_fourth-8e90365b044e859709a329ef98b09875 av-gridrow-cell av_one_fourth no_margin  avia-builder-el-9  el_after_av_cell_one_fourth  el_before_av_cell_one_fourth  av-zero-padding' ><div class='flex_cell_inner'>\n<style type=\"text\/css\" data-created_by=\"avia_inline_auto\" id=\"style-css-av-av_image-c4b12c95f23d66032fcdb2d0f702e656\">\n.avia-image-container.av-av_image-c4b12c95f23d66032fcdb2d0f702e656 img.avia_image{\nbox-shadow:none;\n}\n.avia-image-container.av-av_image-c4b12c95f23d66032fcdb2d0f702e656 .av-caption-image-overlay-bg{\nopacity:0.6;\nbackground-color:#000000;\n}\n.avia-image-container.av-av_image-c4b12c95f23d66032fcdb2d0f702e656 .av-image-caption-overlay-center{\ncolor:#ffffff;\nfont-size:24px;\n}\n<\/style>\n<div  class='avia-image-container av-av_image-c4b12c95f23d66032fcdb2d0f702e656 av-styling-no-styling av-hover-grow avia-align-center  avia-builder-el-10  avia-builder-el-no-sibling  noHover av-overlay-hover-deactivate'   itemprop=\"image\" itemscope=\"itemscope\" itemtype=\"https:\/\/schema.org\/ImageObject\" ><div class=\"avia-image-container-inner\"><div class=\"avia-image-overlay-wrap\"><a href=\"https:\/\/www.dle-naturisten.de\/fr\/sport-et-loisirs\/\" class='avia_image' ><div class=\"av-image-caption-overlay\"><div class=\"av-caption-image-overlay-bg\"><\/div><div class=\"av-image-caption-overlay-position\"><div class=\"av-image-caption-overlay-center\"><p>Sport et loisirs<\/p>\n<\/div><\/div><\/div><img decoding=\"async\" class='wp-image-3839 avia-img-lazy-loading-not-3839 avia_image ' src=\"https:\/\/www.dle-naturisten.de\/wp-content\/uploads\/Sport_Spiel_Spa\u00df_Bild_1-495x400.jpg\" alt='' title='Sport_Spiel_Spa\u00df_Bild_1'  height=\"400\" width=\"495\"  itemprop=\"thumbnailUrl\" srcset=\"https:\/\/www.dle-naturisten.de\/wp-content\/uploads\/Sport_Spiel_Spa\u00df_Bild_1-495x400.jpg 495w, https:\/\/www.dle-naturisten.de\/wp-content\/uploads\/Sport_Spiel_Spa\u00df_Bild_1-845x684.jpg 845w\" sizes=\"(max-width: 495px) 100vw, 495px\" \/><\/a><\/div><\/div><\/div>\n<\/div><\/div>\n<style type=\"text\/css\" data-created_by=\"avia_inline_auto\" id=\"style-css-av-av_cell_one_fourth-8e90365b044e859709a329ef98b09875\">\n.flex_cell.av-av_cell_one_fourth-8e90365b044e859709a329ef98b09875{\nvertical-align:middle;\nbackground-color:#0033cc;\n}\n.responsive #top #wrap_all .flex_cell.av-av_cell_one_fourth-8e90365b044e859709a329ef98b09875{\npadding:0px 0px 0px 0px !important;\n}\n<\/style>\n<div class='flex_cell av-av_cell_one_fourth-8e90365b044e859709a329ef98b09875 av-gridrow-cell av_one_fourth no_margin  avia-builder-el-11  el_after_av_cell_one_fourth  el_before_av_cell_one_fourth  av-zero-padding' ><div class='flex_cell_inner'>\n<style type=\"text\/css\" data-created_by=\"avia_inline_auto\" id=\"style-css-av-av_image-974322f2720af1b6692a8cef0d88e124\">\n.avia-image-container.av-av_image-974322f2720af1b6692a8cef0d88e124 img.avia_image{\nbox-shadow:none;\n}\n.avia-image-container.av-av_image-974322f2720af1b6692a8cef0d88e124 .av-caption-image-overlay-bg{\nopacity:0.6;\nbackground-color:#000000;\n}\n.avia-image-container.av-av_image-974322f2720af1b6692a8cef0d88e124 .av-image-caption-overlay-center{\ncolor:#ffffff;\nfont-size:24px;\n}\n<\/style>\n<div  class='avia-image-container av-av_image-974322f2720af1b6692a8cef0d88e124 av-styling-no-styling av-hover-grow avia-align-center  avia-builder-el-12  avia-builder-el-no-sibling  noHover av-overlay-hover-deactivate'   itemprop=\"image\" itemscope=\"itemscope\" itemtype=\"https:\/\/schema.org\/ImageObject\" ><div class=\"avia-image-container-inner\"><div class=\"avia-image-overlay-wrap\"><a href=\"https:\/\/www.dle-naturisten.de\/fr\/wellness-bien-etre\/\" class='avia_image' ><div class=\"av-image-caption-overlay\"><div class=\"av-caption-image-overlay-bg\"><\/div><div class=\"av-image-caption-overlay-position\"><div class=\"av-image-caption-overlay-center\"><p>Wellness<\/p>\n<\/div><\/div><\/div><img decoding=\"async\" class='wp-image-3284 avia-img-lazy-loading-not-3284 avia_image ' src=\"https:\/\/www.dle-naturisten.de\/wp-content\/uploads\/Freizeit_Wellness_Bild_8_3470x2312-495x400.jpg\" alt='' title='Freizeit_Wellness_Bild_8_3470x2312'  height=\"400\" width=\"495\"  itemprop=\"thumbnailUrl\" srcset=\"https:\/\/www.dle-naturisten.de\/wp-content\/uploads\/Freizeit_Wellness_Bild_8_3470x2312-495x400.jpg 495w, https:\/\/www.dle-naturisten.de\/wp-content\/uploads\/Freizeit_Wellness_Bild_8_3470x2312-845x684.jpg 845w\" sizes=\"(max-width: 495px) 100vw, 495px\" \/><\/a><\/div><\/div><\/div>\n<\/div><\/div>\n<style type=\"text\/css\" data-created_by=\"avia_inline_auto\" id=\"style-css-av-av_cell_one_fourth-7720eac823526652b30726690db3ded1\">\n.flex_cell.av-av_cell_one_fourth-7720eac823526652b30726690db3ded1{\nvertical-align:middle;\nbackground-color:#0033cc;\n}\n.responsive #top #wrap_all .flex_cell.av-av_cell_one_fourth-7720eac823526652b30726690db3ded1{\npadding:50px 50px 50px 50px !important;\n}\n<\/style>\n<div class='flex_cell av-av_cell_one_fourth-7720eac823526652b30726690db3ded1 av-gridrow-cell av_one_fourth no_margin  avia-builder-el-13  el_after_av_cell_one_fourth  avia-builder-el-last ' ><div class='flex_cell_inner'>\n<style type=\"text\/css\" data-created_by=\"avia_inline_auto\" id=\"style-css-av-av_textblock-e7ffb04194f7723282b962dfce11de44\">\n#top .av_textblock_section.av-av_textblock-e7ffb04194f7723282b962dfce11de44 .avia_textblock{\nfont-size:20px;\ncolor:#ffffff;\n}\n<\/style>\n<section  class='av_textblock_section av-av_textblock-e7ffb04194f7723282b962dfce11de44'  itemscope=\"itemscope\" itemtype=\"https:\/\/schema.org\/CreativeWork\" ><div class='avia_textblock av_inherit_color'  itemprop=\"text\" ><p style=\"text-align: center;\">Le Parc<\/p>\n<p style=\"text-align: center;\">Les plans du Parc<\/p>\n<\/div><\/section>\n<\/div><\/div>\n<\/div>\n","protected":false},"excerpt":{"rendered":"","protected":false},"author":2,"featured_media":0,"parent":6234,"menu_order":4,"comment_status":"closed","ping_status":"closed","template":"","meta":{"footnotes":""},"_links":{"self":[{"href":"https:\/\/www.dle-naturisten.de\/fr\/wp-json\/wp\/v2\/pages\/6224"}],"collection":[{"href":"https:\/\/www.dle-naturisten.de\/fr\/wp-json\/wp\/v2\/pages"}],"about":[{"href":"https:\/\/www.dle-naturisten.de\/fr\/wp-json\/wp\/v2\/types\/page"}],"author":[{"embeddable":true,"href":"https:\/\/www.dle-naturisten.de\/fr\/wp-json\/wp\/v2\/users\/2"}],"replies":[{"embeddable":true,"href":"https:\/\/www.dle-naturisten.de\/fr\/wp-json\/wp\/v2\/comments?post=6224"}],"version-history":[{"count":9,"href":"https:\/\/www.dle-naturisten.de\/fr\/wp-json\/wp\/v2\/pages\/6224\/revisions"}],"predecessor-version":[{"id":6233,"href":"https:\/\/www.dle-naturisten.de\/fr\/wp-json\/wp\/v2\/pages\/6224\/revisions\/6233"}],"up":[{"embeddable":true,"href":"https:\/\/www.dle-naturisten.de\/fr\/wp-json\/wp\/v2\/pages\/6234"}],"wp:attachment":[{"href":"https:\/\/www.dle-naturisten.de\/fr\/wp-json\/wp\/v2\/media?parent=6224"}],"curies":[{"name":"wp","href":"https:\/\/api.w.org\/{rel}","templated":true}]}}